{"id":203,"date":"2012-05-04T15:34:46","date_gmt":"2012-05-04T14:34:46","guid":{"rendered":"http:\/\/telltec.ch\/?page_id=203"},"modified":"2024-04-18T09:20:57","modified_gmt":"2024-04-18T08:20:57","slug":"impressum","status":"publish","type":"page","link":"https:\/\/telltec.ch\/de\/impressum\/","title":{"rendered":"Impressum"},"content":{"rendered":"\n<h2 class=\"wp-block-heading\">Inhaltlich verantwortlich<\/h2>\n\n\n\n<p>Aaron Meder<br>Zentralstrasse 62<br>CH-5430 Wettingen<\/p>\n\n\n\n<p>F\u00fcr alle externen Inhalte und Verweise kann ich keine Verantwortung \u00fcbernehmen und lehne deshalb jegliche Haftung daf\u00fcr ab.<\/p>\n\n\n\n<h2 class=\"wp-block-heading\">Datenschutz<\/h2>\n\n\n\n<p>F\u00fcr die Statistiken verwende ich hier <a href=\"http:\/\/analytics.google.com\" rel=\"nofollow noopener\" target=\"_blank\">Google Analytics<\/a>. Mehr Infos gibt es in der <a href=\"http:\/\/www.google.com\/intl\/de\/policies\/privacy\/\" rel=\"nofollow noopener\" target=\"_blank\">Google Datenschutzerkl\u00e4rung<\/a>.<\/p>\n\n\n\n<h2 class=\"wp-block-heading\">Verwendete Ressourcen<\/h2>\n\n\n\n<ul class=\"wp-block-list\">\n<li><a title=\"Mehr Infos zum WordPress CMS\" href=\"http:\/\/www.wordpress.org\" rel=\"nofollow noopener\" target=\"_blank\">WordPress<\/a><\/li>\n\n\n\n<li>Hintergrund-Muster von <a title=\"Nice subtle patterns\" href=\"http:\/\/subtlepatterns.com\/?p=774\" rel=\"nofollow noopener\" target=\"_blank\">Subtle Patterns<\/a><\/li>\n<\/ul>\n","protected":false},"excerpt":{"rendered":"<p>Inhaltlich verantwortlich Aaron MederZentralstrasse 62CH-5430 Wettingen F\u00fcr alle externen Inhalte und Verweise kann ich keine Verantwortung \u00fcbernehmen und lehne deshalb jegliche Haftung daf\u00fcr ab. Datenschutz F\u00fcr die Statistiken verwende ich hier Google Analytics. Mehr Infos gibt es in der Google Datenschutzerkl\u00e4rung. Verwendete Ressourcen<\/p>\n","protected":false},"author":1,"featured_media":0,"parent":0,"menu_order":0,"comment_status":"closed","ping_status":"closed","template":"","meta":{"_acf_changed":false,"footnotes":""},"class_list":["post-203","page","type-page","status-publish","hentry"],"acf":[],"_links":{"self":[{"href":"https:\/\/telltec.ch\/de\/wp-json\/wp\/v2\/pages\/203","targetHints":{"allow":["GET"]}}],"collection":[{"href":"https:\/\/telltec.ch\/de\/wp-json\/wp\/v2\/pages"}],"about":[{"href":"https:\/\/telltec.ch\/de\/wp-json\/wp\/v2\/types\/page"}],"author":[{"embeddable":true,"href":"https:\/\/telltec.ch\/de\/wp-json\/wp\/v2\/users\/1"}],"replies":[{"embeddable":true,"href":"https:\/\/telltec.ch\/de\/wp-json\/wp\/v2\/comments?post=203"}],"version-history":[{"count":10,"href":"https:\/\/telltec.ch\/de\/wp-json\/wp\/v2\/pages\/203\/revisions"}],"predecessor-version":[{"id":1166,"href":"https:\/\/telltec.ch\/de\/wp-json\/wp\/v2\/pages\/203\/revisions\/1166"}],"wp:attachment":[{"href":"https:\/\/telltec.ch\/de\/wp-json\/wp\/v2\/media?parent=203"}],"curies":[{"name":"wp","href":"https:\/\/api.w.org\/{rel}","templated":true}]}}